{"id":717,"date":"2025-02-01T20:41:49","date_gmt":"2025-02-01T20:41:49","guid":{"rendered":"https:\/\/iepalabrafiel.com\/inicio\/?page_id=717"},"modified":"2025-04-08T13:18:06","modified_gmt":"2025-04-08T13:18:06","slug":"politica-de-privacidad","status":"publish","type":"page","link":"https:\/\/iepalabrafiel.com\/inicio\/politica-de-privacidad\/","title":{"rendered":"Pol\u00edtica de Privacidad"},"content":{"rendered":"\t\t<div data-elementor-type=\"wp-page\" data-elementor-id=\"717\" class=\"elementor elementor-717\" data-elementor-post-type=\"page\">\n\t\t\t\t<div class=\"elementor-element elementor-element-727dc2b e-flex e-con-boxed e-con e-parent\" data-id=\"727dc2b\" data-element_type=\"container\" data-e-type=\"container\">\n\t\t\t\t\t<div class=\"e-con-inner\">\n\t\t\t\t<div class=\"elementor-element elementor-element-b070616 elementor-widget-divider--view-line_icon elementor-view-default elementor-widget-divider--element-align-center elementor-widget elementor-widget-divider\" data-id=\"b070616\" data-element_type=\"widget\" data-e-type=\"widget\" data-widget_type=\"divider.default\">\n\t\t\t\t<div class=\"elementor-widget-container\">\n\t\t\t\t\t\t\t<div class=\"elementor-divider\">\n\t\t\t<span class=\"elementor-divider-separator\">\n\t\t\t\t\t\t\t<div class=\"elementor-icon elementor-divider__element\">\n\t\t\t\t\t<svg aria-hidden=\"true\" class=\"e-font-icon-svg e-fab-readme\" viewBox=\"0 0 576 512\" xmlns=\"http:\/\/www.w3.org\/2000\/svg\"><path d=\"M528.3 46.5H388.5c-48.1 0-89.9 33.3-100.4 80.3-10.6-47-52.3-80.3-100.4-80.3H48c-26.5 0-48 21.5-48 48v245.8c0 26.5 21.5 48 48 48h89.7c102.2 0 132.7 24.4 147.3 75 .7 2.8 5.2 2.8 6 0 14.7-50.6 45.2-75 147.3-75H528c26.5 0 48-21.5 48-48V94.6c0-26.4-21.3-47.9-47.7-48.1zM242 311.9c0 1.9-1.5 3.5-3.5 3.5H78.2c-1.9 0-3.5-1.5-3.5-3.5V289c0-1.9 1.5-3.5 3.5-3.5h160.4c1.9 0 3.5 1.5 3.5 3.5v22.9zm0-60.9c0 1.9-1.5 3.5-3.5 3.5H78.2c-1.9 0-3.5-1.5-3.5-3.5v-22.9c0-1.9 1.5-3.5 3.5-3.5h160.4c1.9 0 3.5 1.5 3.5 3.5V251zm0-60.9c0 1.9-1.5 3.5-3.5 3.5H78.2c-1.9 0-3.5-1.5-3.5-3.5v-22.9c0-1.9 1.5-3.5 3.5-3.5h160.4c1.9 0 3.5 1.5 3.5 3.5v22.9zm259.3 121.7c0 1.9-1.5 3.5-3.5 3.5H337.5c-1.9 0-3.5-1.5-3.5-3.5v-22.9c0-1.9 1.5-3.5 3.5-3.5h160.4c1.9 0 3.5 1.5 3.5 3.5v22.9zm0-60.9c0 1.9-1.5 3.5-3.5 3.5H337.5c-1.9 0-3.5-1.5-3.5-3.5V228c0-1.9 1.5-3.5 3.5-3.5h160.4c1.9 0 3.5 1.5 3.5 3.5v22.9zm0-60.9c0 1.9-1.5 3.5-3.5 3.5H337.5c-1.9 0-3.5-1.5-3.5-3.5v-22.8c0-1.9 1.5-3.5 3.5-3.5h160.4c1.9 0 3.5 1.5 3.5 3.5V190z\"><\/path><\/svg><\/div>\n\t\t\t\t\t\t<\/span>\n\t\t<\/div>\n\t\t\t\t\t\t<\/div>\n\t\t\t\t<\/div>\n\t\t\t\t\t<\/div>\n\t\t\t\t<\/div>\n\t\t<div class=\"elementor-element elementor-element-638f3fc e-flex e-con-boxed e-con e-parent\" data-id=\"638f3fc\" data-element_type=\"container\" data-e-type=\"container\">\n\t\t\t\t\t<div class=\"e-con-inner\">\n\t\t\t\t<div class=\"elementor-element elementor-element-f0ca801 elementor-widget elementor-widget-heading\" data-id=\"f0ca801\" data-element_type=\"widget\" data-e-type=\"widget\" data-widget_type=\"heading.default\">\n\t\t\t\t<div class=\"elementor-widget-container\">\n\t\t\t\t\t<h1 class=\"elementor-heading-title elementor-size-default\">Pol\u00edtica de Privacidad y Condiciones<\/h1>\t\t\t\t<\/div>\n\t\t\t\t<\/div>\n\t\t\t\t\t<\/div>\n\t\t\t\t<\/div>\n\t\t<div class=\"elementor-element elementor-element-0587246 e-flex e-con-boxed e-con e-parent\" data-id=\"0587246\" data-element_type=\"container\" data-e-type=\"container\">\n\t\t\t\t\t<div class=\"e-con-inner\">\n\t\t\t\t<div class=\"elementor-element elementor-element-1e70b8c elementor-widget-divider--view-line_icon elementor-view-default elementor-widget-divider--element-align-center elementor-widget elementor-widget-divider\" data-id=\"1e70b8c\" data-element_type=\"widget\" data-e-type=\"widget\" data-widget_type=\"divider.default\">\n\t\t\t\t<div class=\"elementor-widget-container\">\n\t\t\t\t\t\t\t<div class=\"elementor-divider\">\n\t\t\t<span class=\"elementor-divider-separator\">\n\t\t\t\t\t\t\t<div class=\"elementor-icon elementor-divider__element\">\n\t\t\t\t\t<svg aria-hidden=\"true\" class=\"e-font-icon-svg e-fab-readme\" viewBox=\"0 0 576 512\" xmlns=\"http:\/\/www.w3.org\/2000\/svg\"><path d=\"M528.3 46.5H388.5c-48.1 0-89.9 33.3-100.4 80.3-10.6-47-52.3-80.3-100.4-80.3H48c-26.5 0-48 21.5-48 48v245.8c0 26.5 21.5 48 48 48h89.7c102.2 0 132.7 24.4 147.3 75 .7 2.8 5.2 2.8 6 0 14.7-50.6 45.2-75 147.3-75H528c26.5 0 48-21.5 48-48V94.6c0-26.4-21.3-47.9-47.7-48.1zM242 311.9c0 1.9-1.5 3.5-3.5 3.5H78.2c-1.9 0-3.5-1.5-3.5-3.5V289c0-1.9 1.5-3.5 3.5-3.5h160.4c1.9 0 3.5 1.5 3.5 3.5v22.9zm0-60.9c0 1.9-1.5 3.5-3.5 3.5H78.2c-1.9 0-3.5-1.5-3.5-3.5v-22.9c0-1.9 1.5-3.5 3.5-3.5h160.4c1.9 0 3.5 1.5 3.5 3.5V251zm0-60.9c0 1.9-1.5 3.5-3.5 3.5H78.2c-1.9 0-3.5-1.5-3.5-3.5v-22.9c0-1.9 1.5-3.5 3.5-3.5h160.4c1.9 0 3.5 1.5 3.5 3.5v22.9zm259.3 121.7c0 1.9-1.5 3.5-3.5 3.5H337.5c-1.9 0-3.5-1.5-3.5-3.5v-22.9c0-1.9 1.5-3.5 3.5-3.5h160.4c1.9 0 3.5 1.5 3.5 3.5v22.9zm0-60.9c0 1.9-1.5 3.5-3.5 3.5H337.5c-1.9 0-3.5-1.5-3.5-3.5V228c0-1.9 1.5-3.5 3.5-3.5h160.4c1.9 0 3.5 1.5 3.5 3.5v22.9zm0-60.9c0 1.9-1.5 3.5-3.5 3.5H337.5c-1.9 0-3.5-1.5-3.5-3.5v-22.8c0-1.9 1.5-3.5 3.5-3.5h160.4c1.9 0 3.5 1.5 3.5 3.5V190z\"><\/path><\/svg><\/div>\n\t\t\t\t\t\t<\/span>\n\t\t<\/div>\n\t\t\t\t\t\t<\/div>\n\t\t\t\t<\/div>\n\t\t\t\t\t<\/div>\n\t\t\t\t<\/div>\n\t\t<div class=\"elementor-element elementor-element-6a5a6ae e-flex e-con-boxed e-con e-parent\" data-id=\"6a5a6ae\" data-element_type=\"container\" data-e-type=\"container\">\n\t\t\t\t\t<div class=\"e-con-inner\">\n\t\t\t\t<div class=\"elementor-element elementor-element-20229e7 elementor-widget elementor-widget-text-editor\" data-id=\"20229e7\" data-element_type=\"widget\" data-e-type=\"widget\" data-widget_type=\"text-editor.default\">\n\t\t\t\t<div class=\"elementor-widget-container\">\n\t\t\t\t\t\t\t\t\t<h3 style=\"text-align: center;\"><span style=\"text-decoration: underline;\"><strong><span style=\"color: #0a2f54; text-decoration: underline;\">INFORMACI\u00d3N AL USUARIO<\/span><\/strong><\/span><\/h3><p class=\"\" style=\"text-align: left;\" data-start=\"429\" data-end=\"878\"><span style=\"color: #0a2f54;\">\u00a0 \u00a0 \u00a0 \u00a0 \u00a0 La <strong data-start=\"432\" data-end=\"469\">Iglesia Evang\u00e9lica \u00abPalabra Fiel\u00bb<\/strong> (en adelante, <em data-start=\"484\" data-end=\"500\">el RESPONSABLE<\/em>), con domicilio en <strong data-start=\"520\" data-end=\"569\">Calle la Fuente 6, Pedrezuela, Madrid, Espa\u00f1a<\/strong>, y correo electr\u00f3nico <strong data-start=\"592\" data-end=\"618\"><a style=\"color: #0a2f54;\" rel=\"noopener\" data-start=\"594\" data-end=\"616\">info@iepalabrafiel.com<\/a><\/strong>, es la entidad responsable del tratamiento de los datos personales de los usuarios conforme a lo dispuesto en el <strong data-start=\"732\" data-end=\"767\">Reglamento (UE) 2016\/679 (RGPD)<\/strong> y la <strong data-start=\"773\" data-end=\"877\">Ley Org\u00e1nica 3\/2018 de Protecci\u00f3n de Datos Personales y garant\u00eda de los derechos digitales (LOPDGDD)<\/strong>.<\/span><\/p><h3 class=\"\" style=\"text-align: center;\" data-start=\"880\" data-end=\"909\"><span style=\"color: #0a2f54;\">FINALIDAD DEL TRATAMIENTO<\/span><\/h3><p class=\"\" style=\"text-align: left;\" data-start=\"911\" data-end=\"1070\"><span style=\"color: #0a2f54;\">\u00a0 \u00a0 \u00a0 \u00a0 \u00a0 Los datos personales que el usuario facilite a trav\u00e9s de esta p\u00e1gina web, formularios o por cualquier otro medio ser\u00e1n tratados con las siguientes finalidades:<\/span><\/p><ul style=\"text-align: left;\" data-start=\"1072\" data-end=\"1466\"><li class=\"\" data-start=\"1072\" data-end=\"1132\"><p class=\"\" data-start=\"1074\" data-end=\"1132\"><span style=\"color: #0a2f54;\">Atender consultas y solicitudes realizadas por el usuario.<\/span><\/p><\/li><li class=\"\" data-start=\"1133\" data-end=\"1261\"><p class=\"\" data-start=\"1135\" data-end=\"1261\"><span style=\"color: #0a2f54;\">Enviar informaci\u00f3n relativa a nuestras actividades, cultos, campamentos, eventos, reuniones u otras iniciativas de la Iglesia.<\/span><\/p><\/li><li class=\"\" data-start=\"1262\" data-end=\"1365\"><p class=\"\" data-start=\"1264\" data-end=\"1365\"><span style=\"color: #0a2f54;\">Gestionar la relaci\u00f3n con miembros, voluntarios, asistentes y otras personas vinculadas a la Iglesia.<\/span><\/p><\/li><li class=\"\" data-start=\"1366\" data-end=\"1466\"><p class=\"\" data-start=\"1368\" data-end=\"1466\"><span style=\"color: #0a2f54;\">Realizar gestiones administrativas y contables relacionadas con actividades propias de la Iglesia.<\/span><\/p><\/li><\/ul><p class=\"\" style=\"text-align: left;\" data-start=\"1468\" data-end=\"1642\"><span style=\"color: #0a2f54;\">\u00a0 \u00a0 \u00a0 \u00a0 \u00a0 En caso de que el tratamiento de datos tenga fines distintos a los aqu\u00ed recogidos, se informar\u00e1 previamente al usuario y se solicitar\u00e1 su consentimiento cuando sea necesario.<\/span><\/p><h3 class=\"\" style=\"text-align: center;\" data-start=\"1644\" data-end=\"1674\"><span style=\"color: #0a2f54;\">BASE LEGAL DEL TRATAMIENTO<\/span><\/h3><p class=\"\" style=\"text-align: left;\" data-start=\"1676\" data-end=\"1708\"><span style=\"color: #0a2f54;\">\u00a0 \u00a0 \u00a0 \u00a0 \u00a0 El tratamiento se fundamenta en:<\/span><\/p><ul style=\"text-align: left;\" data-start=\"1710\" data-end=\"1989\"><li class=\"\" data-start=\"1710\" data-end=\"1775\"><p class=\"\" data-start=\"1712\" data-end=\"1775\"><span style=\"color: #0a2f54;\">El <strong data-start=\"1715\" data-end=\"1741\">consentimiento expreso<\/strong> del interesado (art. 6.1.a RGPD).<\/span><\/p><\/li><li class=\"\" data-start=\"1776\" data-end=\"1866\"><p class=\"\" data-start=\"1778\" data-end=\"1866\"><span style=\"color: #0a2f54;\">El cumplimiento de <strong data-start=\"1797\" data-end=\"1821\">obligaciones legales<\/strong> aplicables al RESPONSABLE (art. 6.1.c RGPD).<\/span><\/p><\/li><li class=\"\" data-start=\"1867\" data-end=\"1989\"><p class=\"\" data-start=\"1869\" data-end=\"1989\"><span style=\"color: #0a2f54;\">El <strong data-start=\"1872\" data-end=\"1892\">inter\u00e9s leg\u00edtimo<\/strong> del RESPONSABLE para el desarrollo de sus fines fundacionales y eclesi\u00e1sticos (art. 6.1.f RGPD).<\/span><\/p><\/li><\/ul><h3 class=\"\" style=\"text-align: center;\" data-start=\"1991\" data-end=\"2029\"><span style=\"color: #0a2f54;\">PLAZO DE CONSERVACI\u00d3N DE LOS DATOS<\/span><\/h3><p class=\"\" style=\"text-align: left;\" data-start=\"2031\" data-end=\"2330\"><span style=\"color: #0a2f54;\">\u00a0 \u00a0 \u00a0 \u00a0 \u00a0 Los datos personales se conservar\u00e1n durante el tiempo estrictamente necesario para cumplir con las finalidades para las que fueron recabados o mientras se mantenga la relaci\u00f3n entre las partes. Una vez finalizada, los datos se mantendr\u00e1n bloqueados \u00fanicamente durante los plazos exigidos legalmente.<\/span><\/p><h3 class=\"\" style=\"text-align: center;\" data-start=\"2332\" data-end=\"2382\"><span style=\"color: #0a2f54;\">DESTINATARIOS Y TRANSFERENCIAS INTERNACIONALES<\/span><\/h3><p class=\"\" style=\"text-align: left;\" data-start=\"2384\" data-end=\"2583\"><span style=\"color: #0a2f54;\">\u00a0 \u00a0 \u00a0 \u00a0 \u00a0 No se ceder\u00e1n datos a terceros salvo obligaci\u00f3n legal o cuando sea imprescindible para la prestaci\u00f3n de servicios por terceros colaboradores bajo contratos de confidencialidad y tratamiento de datos.<\/span><\/p><p class=\"\" style=\"text-align: left;\" data-start=\"2585\" data-end=\"2813\"><span style=\"color: #0a2f54;\">\u00a0 \u00a0 \u00a0 \u00a0 \u00a0 No se realizan transferencias internacionales de datos fuera del Espacio Econ\u00f3mico Europeo. En caso de ser necesarias, se adoptar\u00e1n las medidas exigidas por la normativa aplicable para garantizar un nivel adecuado de protecci\u00f3n.<\/span><\/p><h3 class=\"\" style=\"text-align: center;\" data-start=\"2815\" data-end=\"2843\"><span style=\"color: #0a2f54;\">DERECHOS DE LOS USUARIOS<\/span><\/h3><p class=\"\" style=\"text-align: left;\" data-start=\"2845\" data-end=\"2918\"><span style=\"color: #0a2f54;\">\u00a0 \u00a0 \u00a0 \u00a0 \u00a0 Los usuarios pueden ejercer en cualquier momento los siguientes derechos:<\/span><\/p><ul style=\"text-align: left;\" data-start=\"2920\" data-end=\"3266\"><li class=\"\" data-start=\"2920\" data-end=\"2953\"><p class=\"\" data-start=\"2922\" data-end=\"2953\"><span style=\"color: #0a2f54;\">Acceder a sus datos personales.<\/span><\/p><\/li><li class=\"\" data-start=\"2954\" data-end=\"3001\"><p class=\"\" data-start=\"2956\" data-end=\"3001\"><span style=\"color: #0a2f54;\">Rectificar los datos inexactos o incompletos.<\/span><\/p><\/li><li class=\"\" data-start=\"3002\" data-end=\"3069\"><p class=\"\" data-start=\"3004\" data-end=\"3069\"><span style=\"color: #0a2f54;\">Solicitar la supresi\u00f3n de sus datos cuando ya no sean necesarios.<\/span><\/p><\/li><li class=\"\" data-start=\"3070\" data-end=\"3149\"><p class=\"\" data-start=\"3072\" data-end=\"3149\"><span style=\"color: #0a2f54;\">Oponerse al tratamiento por motivos relacionados con su situaci\u00f3n particular.<\/span><\/p><\/li><li class=\"\" data-start=\"3150\" data-end=\"3205\"><p class=\"\" data-start=\"3152\" data-end=\"3205\"><span style=\"color: #0a2f54;\">Solicitar la limitaci\u00f3n del tratamiento de sus datos.<\/span><\/p><\/li><li class=\"\" data-start=\"3206\" data-end=\"3266\"><p class=\"\" data-start=\"3208\" data-end=\"3266\"><span style=\"color: #0a2f54;\">Solicitar la portabilidad de sus datos a otro responsable.<\/span><\/p><\/li><\/ul><p class=\"\" style=\"text-align: left;\" data-start=\"3268\" data-end=\"3397\"><span style=\"color: #0a2f54;\">\u00a0 \u00a0 \u00a0 \u00a0 \u00a0 Para ejercer estos derechos, el usuario deber\u00e1 enviar una solicitud escrita, junto con una copia de su documento de identidad, a:<\/span><\/p><ul><li style=\"text-align: left;\" data-start=\"3399\" data-end=\"3521\"><span style=\"color: #0a2f54;\">\ud83d\udcec <strong data-start=\"3402\" data-end=\"3423\">Direcci\u00f3n postal:<\/strong> Calle la Fuente 6, Pedrezuela, Madrid, Espa\u00f1a<\/span><\/li><li style=\"text-align: left;\" data-start=\"3399\" data-end=\"3521\"><span style=\"color: #0a2f54;\">\ud83d\udce7 <strong data-start=\"3475\" data-end=\"3498\">Correo electr\u00f3nico:<\/strong> <a style=\"color: #0a2f54;\" rel=\"noopener\" data-start=\"3499\" data-end=\"3521\">info@iepalabrafiel.com<\/a><\/span><\/li><\/ul><p class=\"\" style=\"text-align: left;\" data-start=\"3523\" data-end=\"3716\"><span style=\"color: #0a2f54;\">\u00a0 \u00a0 \u00a0 \u00a0 \u00a0 Asimismo, el usuario tiene derecho a presentar una reclamaci\u00f3n ante la <strong data-start=\"3594\" data-end=\"3651\">Agencia Espa\u00f1ola de Protecci\u00f3n de Datos (<a class=\"\" style=\"color: #0a2f54;\" href=\"http:\/\/www.aepd.es\" target=\"_new\" rel=\"noopener\" data-start=\"3637\" data-end=\"3648\">www.aepd.es<\/a>)<\/strong> si considera que sus derechos no han sido debidamente atendidos.<\/span><\/p><h3 class=\"\" style=\"text-align: center;\" data-start=\"3718\" data-end=\"3755\"><span style=\"color: #0a2f54;\">CAR\u00c1CTER OBLIGATORIO DE LOS DATOS<\/span><\/h3><p class=\"\" style=\"text-align: left;\" data-start=\"3757\" data-end=\"3979\"><span style=\"color: #0a2f54;\">\u00a0 \u00a0 \u00a0 \u00a0 \u00a0 Los campos marcados como obligatorios en los formularios son imprescindibles para poder atender adecuadamente la solicitud del usuario. La falta de alguno de ellos puede imposibilitar la prestaci\u00f3n del servicio solicitado.<\/span><\/p><h3 class=\"\" style=\"text-align: center;\" data-start=\"3981\" data-end=\"4005\"><span style=\"color: #0a2f54;\">MEDIDAS DE SEGURIDAD<\/span><\/h3><p class=\"\" style=\"text-align: left;\" data-start=\"4007\" data-end=\"4238\"><span style=\"color: #0a2f54;\">\u00a0 \u00a0 \u00a0 \u00a0 \u00a0 El RESPONSABLE ha adoptado todas las medidas t\u00e9cnicas y organizativas necesarias para garantizar la seguridad e integridad de los datos personales, as\u00ed como para evitar su p\u00e9rdida, alteraci\u00f3n y\/o acceso por terceros no autorizados.<\/span><\/p><hr class=\"\" data-start=\"4240\" data-end=\"4243\" \/><h2 class=\"\" style=\"text-align: center;\" data-start=\"4245\" data-end=\"4288\"><span style=\"color: #0a2f54;\">CONDICIONES ECON\u00d3MICAS: OFRENDAS Y PAGOS<\/span><\/h2><p class=\"\" style=\"text-align: left;\" data-start=\"4290\" data-end=\"4339\"><span style=\"color: #0a2f54;\">\u00a0 \u00a0 \u00a0 \u00a0 \u00a0 La Iglesia Evang\u00e9lica \u00abPalabra Fiel\u00bb informa que:<\/span><\/p><ul style=\"text-align: left;\" data-start=\"4341\" data-end=\"4954\"><li class=\"\" data-start=\"4341\" data-end=\"4605\"><p class=\"\" data-start=\"4343\" data-end=\"4605\"><span style=\"color: #0a2f54;\"><strong data-start=\"4343\" data-end=\"4371\">Las ofrendas voluntarias<\/strong>, donaciones y contribuciones econ\u00f3micas realizadas por los usuarios o miembros de la Iglesia <strong data-start=\"4465\" data-end=\"4497\">no est\u00e1n sujetas a reembolso<\/strong>, al tratarse de actos libres de disposici\u00f3n patrimonial con fines religiosos, sin contraprestaci\u00f3n directa.<\/span><\/p><\/li><li class=\"\" data-start=\"4609\" data-end=\"4954\"><p class=\"\" data-start=\"4611\" data-end=\"4954\"><span style=\"color: #0a2f54;\"><strong data-start=\"4611\" data-end=\"4699\">Los pagos efectuados para la inscripci\u00f3n en campamentos, eventos u otras actividades<\/strong> organizadas por la Iglesia <strong data-start=\"4727\" data-end=\"4756\">tampoco son reembolsables<\/strong>, salvo en casos de cancelaci\u00f3n por parte del organizador o fuerza mayor debidamente justificada. En casos excepcionales, podr\u00e1 valorarse la devoluci\u00f3n parcial, a criterio exclusivo del RESPONSABLE.<\/span><\/p><\/li><\/ul><p class=\"\" style=\"text-align: left;\" data-start=\"4956\" data-end=\"5125\"><span style=\"color: #0a2f54;\">\u00a0 \u00a0 \u00a0 \u00a0 \u00a0 Esta pol\u00edtica de no reembolso est\u00e1 conforme con la legislaci\u00f3n vigente y busca garantizar la sostenibilidad de las actividades y compromisos organizativos de la Iglesia.<\/span><\/p><hr class=\"\" data-start=\"5127\" data-end=\"5130\" \/><h3 class=\"\" style=\"text-align: center;\" data-start=\"5132\" data-end=\"5165\"><span style=\"color: #0a2f54;\">MODIFICACIONES DE LA POL\u00cdTICA<\/span><\/h3><p class=\"\" style=\"text-align: left;\" data-start=\"5167\" data-end=\"5424\"><span style=\"color: #0a2f54;\">\u00a0 \u00a0 \u00a0 \u00a0 \u00a0 El RESPONSABLE se reserva el derecho de modificar esta Pol\u00edtica de Privacidad y Condiciones Econ\u00f3micas en cualquier momento, en funci\u00f3n de novedades legislativas o doctrinales. Las modificaciones ser\u00e1n publicadas en la presente web con antelaci\u00f3n razonable.<\/span><\/p><hr class=\"\" data-start=\"5426\" data-end=\"5429\" \/><p class=\"\" style=\"text-align: center;\" data-start=\"5431\" data-end=\"5544\"><span style=\"color: #0a2f54;\">\ud83d\udcc5 \u00daltima actualizaci\u00f3n: abril de 2025<\/span><br data-start=\"5469\" data-end=\"5472\" \/><span style=\"color: #0a2f54;\">\u00a9 2025 Iglesia Evang\u00e9lica \u00abPalabra Fiel\u00bb. Todos los derechos reservados.<\/span><\/p>\t\t\t\t\t\t\t\t<\/div>\n\t\t\t\t<\/div>\n\t\t\t\t\t<\/div>\n\t\t\t\t<\/div>\n\t\t\t\t<\/div>\n\t\t","protected":false},"excerpt":{"rendered":"<p>Pol\u00edtica de Privacidad y Condiciones INFORMACI\u00d3N AL USUARIO \u00a0 \u00a0 \u00a0 \u00a0 \u00a0 La Iglesia Evang\u00e9lica \u00abPalabra Fiel\u00bb (en adelante, el RESPONSABLE), con domicilio en Calle la Fuente 6, Pedrezuela, Madrid, Espa\u00f1a, y correo electr\u00f3nico info@iepalabrafiel.com, es la entidad responsable del tratamiento de los datos personales de los usuarios conforme a lo dispuesto en el [&hellip;]<\/p>\n","protected":false},"author":1,"featured_media":0,"parent":0,"menu_order":0,"comment_status":"closed","ping_status":"closed","template":"","meta":{"footnotes":""},"class_list":["post-717","page","type-page","status-publish","hentry"],"_hostinger_reach_plugin_has_subscription_block":false,"_hostinger_reach_plugin_is_elementor":false,"_links":{"self":[{"href":"https:\/\/iepalabrafiel.com\/inicio\/wp-json\/wp\/v2\/pages\/717","targetHints":{"allow":["GET"]}}],"collection":[{"href":"https:\/\/iepalabrafiel.com\/inicio\/wp-json\/wp\/v2\/pages"}],"about":[{"href":"https:\/\/iepalabrafiel.com\/inicio\/wp-json\/wp\/v2\/types\/page"}],"author":[{"embeddable":true,"href":"https:\/\/iepalabrafiel.com\/inicio\/wp-json\/wp\/v2\/users\/1"}],"replies":[{"embeddable":true,"href":"https:\/\/iepalabrafiel.com\/inicio\/wp-json\/wp\/v2\/comments?post=717"}],"version-history":[{"count":17,"href":"https:\/\/iepalabrafiel.com\/inicio\/wp-json\/wp\/v2\/pages\/717\/revisions"}],"predecessor-version":[{"id":1480,"href":"https:\/\/iepalabrafiel.com\/inicio\/wp-json\/wp\/v2\/pages\/717\/revisions\/1480"}],"wp:attachment":[{"href":"https:\/\/iepalabrafiel.com\/inicio\/wp-json\/wp\/v2\/media?parent=717"}],"curies":[{"name":"wp","href":"https:\/\/api.w.org\/{rel}","templated":true}]}}